{"id":1344,"date":"2020-08-13T14:19:00","date_gmt":"2020-08-13T12:19:00","guid":{"rendered":"https:\/\/www.automotive-solution.sk\/vyber-a-vyhladavanie-kandidatov\/"},"modified":"2020-09-21T09:42:39","modified_gmt":"2020-09-21T07:42:39","slug":"auswahl-und-aussuchung-von-kandidaten","status":"publish","type":"page","link":"https:\/\/www.automotive-solution.sk\/de\/auswahl-und-aussuchung-von-kandidaten\/","title":{"rendered":"Auswahl und Aussuchung von Kandidaten"},"content":{"rendered":"<div id=\"pl-1344\"  class=\"panel-layout\" ><div id=\"pg-1344-0\"  class=\"panel-grid panel-has-style\" ><div class=\"panel-row-style panel-row-style-for-1344-0\" ><div id=\"pgc-1344-0-0\"  class=\"panel-grid-cell panel-grid-cell-mobile-last\" ><div id=\"panel-1344-0-0-0\" class=\"so-panel widget widget_sow-editor panel-first-child panel-last-child\" data-index=\"0\" ><div class=\"eso-animate-hidden-widget panel-widget-style panel-widget-style-for-1344-0-0-0\" tabindex=\"0\" uk-scrollspy=\"cls: eso-animate-visible-widget uk-animation-slide-left-medium;\" ><div\n\t\t\t\n\t\t\tclass=\"so-widget-sow-editor so-widget-sow-editor-base\"\n\t\t\t\n\t\t>\n<div class=\"siteorigin-widget-tinymce textwidget\">\n\t<h2>F\u00fcr viele Arbeitgeber ist Prozess der Gewinnung von besten Talenten auf dem Arbeitsmarkt lanhwierig \u2013 zeitlich, was die Kapazit\u00e4t betrifft und finanziell anspruchsvoller Prozess. Brauchen Sie  <span style=\"color: #05bcff;\">die erfahrene Fachm\u00e4nner<\/span> <span style=\"color: #ffffff;\"> die erfahrene Fachm\u00e4nner in Bestand zu nehmen oder massenhaft die gr\u00f6\u00dfere Anzahl von Arbeitnehmer einzustellen ?<\/span><\/h2>\n<\/div>\n<\/div><\/div><\/div><\/div><div id=\"pgc-1344-0-1\"  class=\"panel-grid-cell panel-grid-cell-empty\" ><\/div><\/div><\/div><div id=\"pg-1344-1\"  class=\"panel-grid panel-no-style\" ><div id=\"pgc-1344-1-0\"  class=\"panel-grid-cell\" ><div id=\"panel-1344-1-0-0\" class=\"so-panel widget widget_sow-image panel-first-child panel-last-child\" data-index=\"1\" ><div class=\"eso-animate-hidden-widget panel-widget-style panel-widget-style-for-1344-1-0-0\" tabindex=\"0\" uk-scrollspy=\"cls: eso-animate-visible-widget uk-animation-slide-bottom;\" ><div\n\t\t\t\n\t\t\tclass=\"so-widget-sow-image so-widget-sow-image-default-8b5b6f678277-1344\"\n\t\t\t\n\t\t>\n\n<div class=\"sow-image-container\">\n\t\t<img loading=\"lazy\" decoding=\"async\" src=\"https:\/\/www.automotive-solution.sk\/wp-content\/uploads\/2020\/08\/1355-scaled.jpg\" width=\"2048\" height=\"1366\" srcset=\"https:\/\/www.automotive-solution.sk\/wp-content\/uploads\/2020\/08\/1355-scaled.jpg 2048w, https:\/\/www.automotive-solution.sk\/wp-content\/uploads\/2020\/08\/1355-300x200.jpg 300w, https:\/\/www.automotive-solution.sk\/wp-content\/uploads\/2020\/08\/1355-1024x683.jpg 1024w, https:\/\/www.automotive-solution.sk\/wp-content\/uploads\/2020\/08\/1355-768x512.jpg 768w, https:\/\/www.automotive-solution.sk\/wp-content\/uploads\/2020\/08\/1355-1536x1024.jpg 1536w, https:\/\/www.automotive-solution.sk\/wp-content\/uploads\/2020\/08\/1355-272x182.jpg 272w\" sizes=\"(max-width: 2048px) 100vw, 2048px\" title=\"Two men, a senior man an engineer and a project manager, check the production data near the machines at the factory.\" alt=\"\" \t\tclass=\"so-widget-image\"\/>\n\t<\/div>\n\n<\/div><\/div><\/div><\/div><\/div><div id=\"pg-1344-2\"  class=\"panel-grid panel-has-style\" ><div class=\"panel-row-style panel-row-style-for-1344-2\" ><div id=\"pgc-1344-2-0\"  class=\"panel-grid-cell\" ><div id=\"panel-1344-2-0-0\" class=\"so-panel widget widget_sow-editor panel-first-child panel-last-child\" data-index=\"2\" ><div class=\"eso-animate-hidden-widget panel-widget-style panel-widget-style-for-1344-2-0-0\" tabindex=\"0\" uk-scrollspy=\"cls: eso-animate-visible-widget uk-animation-slide-left-medium;\" ><div\n\t\t\t\n\t\t\tclass=\"so-widget-sow-editor so-widget-sow-editor-base\"\n\t\t\t\n\t\t>\n<div class=\"siteorigin-widget-tinymce textwidget\">\n\t<h3 class=\"Normlny1\"><b>Legen Sie Aussuchung und Auswahl von besten Kandidaten in die H\u00e4nde der Experten<\/b><\/h3>\n<p>Wir spezialisieren uns auf Aussuchung und Auswahl <span style=\"color: #05bcff;\">der qualifizierten Positionen <\/span>in verschiedenen Industriezweigen. Zur Anlockung der richtigen Talenten nutzen wir f\u00fcr Ihren Betrieb unsere<span style=\"color: #ffffff;\">Werbe- und Marketing-know-how,<\/span> oder Kontakte <span style=\"color: #05bcff;\">aus unserer Internet -Dataibase.<\/span> Um weitere Auslenkung wird sich <span style=\"color: #ffffff;\"> Team von HR-Spezialisten k\u00fcmmern. <\/span><\/p>\n<\/div>\n<\/div><\/div><\/div><\/div><div id=\"pgc-1344-2-1\"  class=\"panel-grid-cell\" ><div id=\"panel-1344-2-1-0\" class=\"so-panel widget widget_sow-image panel-first-child panel-last-child\" data-index=\"3\" ><div class=\"eso-animate-hidden-widget panel-widget-style panel-widget-style-for-1344-2-1-0\" tabindex=\"0\" uk-scrollspy=\"cls: eso-animate-visible-widget uk-animation-slide-right-medium;\" ><div\n\t\t\t\n\t\t\tclass=\"so-widget-sow-image so-widget-sow-image-default-8b5b6f678277-1344\"\n\t\t\t\n\t\t>\n\n<div class=\"sow-image-container\">\n\t\t<img loading=\"lazy\" decoding=\"async\" src=\"https:\/\/www.automotive-solution.sk\/wp-content\/uploads\/2020\/08\/obsadenie-zamestnancov.jpg\" width=\"1200\" height=\"674\" srcset=\"https:\/\/www.automotive-solution.sk\/wp-content\/uploads\/2020\/08\/obsadenie-zamestnancov.jpg 1200w, https:\/\/www.automotive-solution.sk\/wp-content\/uploads\/2020\/08\/obsadenie-zamestnancov-300x169.jpg 300w, https:\/\/www.automotive-solution.sk\/wp-content\/uploads\/2020\/08\/obsadenie-zamestnancov-1024x575.jpg 1024w, https:\/\/www.automotive-solution.sk\/wp-content\/uploads\/2020\/08\/obsadenie-zamestnancov-768x431.jpg 768w\" sizes=\"(max-width: 1200px) 100vw, 1200px\" alt=\"\" \t\tclass=\"so-widget-image\"\/>\n\t<\/div>\n\n<\/div><\/div><\/div><\/div><\/div><\/div><div id=\"pg-1344-3\"  class=\"panel-grid panel-has-style\" ><div class=\"panel-row-style panel-row-style-for-1344-3\" ><div id=\"pgc-1344-3-0\"  class=\"panel-grid-cell\" ><div id=\"panel-1344-3-0-0\" class=\"so-panel widget widget_sow-image panel-first-child\" data-index=\"4\" ><div class=\"eso-animate-hidden-widget panel-widget-style panel-widget-style-for-1344-3-0-0\" tabindex=\"0\" uk-scrollspy=\"cls: eso-animate-visible-widget uk-animation-slide-bottom-medium;\" ><div\n\t\t\t\n\t\t\tclass=\"so-widget-sow-image so-widget-sow-image-default-8b5b6f678277-1344\"\n\t\t\t\n\t\t>\n\n<div class=\"sow-image-container\">\n\t\t<img loading=\"lazy\" decoding=\"async\" src=\"https:\/\/www.automotive-solution.sk\/wp-content\/uploads\/2020\/09\/Group-1290_DE.png\" width=\"1740\" height=\"1057\" srcset=\"https:\/\/www.automotive-solution.sk\/wp-content\/uploads\/2020\/09\/Group-1290_DE.png 1740w, https:\/\/www.automotive-solution.sk\/wp-content\/uploads\/2020\/09\/Group-1290_DE-300x182.png 300w, https:\/\/www.automotive-solution.sk\/wp-content\/uploads\/2020\/09\/Group-1290_DE-1024x622.png 1024w, https:\/\/www.automotive-solution.sk\/wp-content\/uploads\/2020\/09\/Group-1290_DE-768x467.png 768w, https:\/\/www.automotive-solution.sk\/wp-content\/uploads\/2020\/09\/Group-1290_DE-1536x933.png 1536w\" sizes=\"(max-width: 1740px) 100vw, 1740px\" alt=\"\" \t\tclass=\"so-widget-image\"\/>\n\t<\/div>\n\n<\/div><\/div><\/div><div id=\"panel-1344-3-0-1\" class=\"so-panel widget widget_sow-image panel-last-child\" data-index=\"5\" ><div class=\"eso-animate-hidden-widget eso-hide-desktop eso-hide-tablet panel-widget-style panel-widget-style-for-1344-3-0-1\" tabindex=\"0\" uk-scrollspy=\"cls: eso-animate-visible-widget uk-animation-slide-bottom-medium;\" ><div\n\t\t\t\n\t\t\tclass=\"so-widget-sow-image so-widget-sow-image-default-8b5b6f678277-1344\"\n\t\t\t\n\t\t>\n\n<div class=\"sow-image-container\">\n\t\t<img loading=\"lazy\" decoding=\"async\" src=\"https:\/\/www.automotive-solution.sk\/wp-content\/uploads\/2020\/09\/2_DE.png\" width=\"930\" height=\"1532\" srcset=\"https:\/\/www.automotive-solution.sk\/wp-content\/uploads\/2020\/09\/2_DE.png 930w, https:\/\/www.automotive-solution.sk\/wp-content\/uploads\/2020\/09\/2_DE-182x300.png 182w, https:\/\/www.automotive-solution.sk\/wp-content\/uploads\/2020\/09\/2_DE-622x1024.png 622w, https:\/\/www.automotive-solution.sk\/wp-content\/uploads\/2020\/09\/2_DE-768x1265.png 768w\" sizes=\"(max-width: 930px) 100vw, 930px\" alt=\"\" \t\tclass=\"so-widget-image\"\/>\n\t<\/div>\n\n<\/div><\/div><\/div><\/div><\/div><\/div><div id=\"pg-1344-4\"  class=\"panel-grid panel-no-style\" ><div id=\"pgc-1344-4-0\"  class=\"panel-grid-cell\" ><div id=\"panel-1344-4-0-0\" class=\"so-panel widget widget_sow-editor panel-first-child\" data-index=\"6\" ><div class=\"eso-animate-hidden-widget panel-widget-style panel-widget-style-for-1344-4-0-0\" tabindex=\"0\" uk-scrollspy=\"cls: eso-animate-visible-widget uk-animation-slide-bottom-medium;\" ><div\n\t\t\t\n\t\t\tclass=\"so-widget-sow-editor so-widget-sow-editor-base\"\n\t\t\t\n\t\t>\n<div class=\"siteorigin-widget-tinymce textwidget\">\n\t<h2 style=\"text-align: center;\">Unsere L\u00f6sung<\/h2>\n<\/div>\n<\/div><\/div><\/div><div id=\"panel-1344-4-0-1\" class=\"so-panel widget widget_sow-editor panel-last-child\" data-index=\"7\" ><div\n\t\t\t\n\t\t\tclass=\"so-widget-sow-editor so-widget-sow-editor-base\"\n\t\t\t\n\t\t>\n<div class=\"siteorigin-widget-tinymce textwidget\">\n\t<hr \/>\n<\/div>\n<\/div><\/div><\/div><\/div><div id=\"pg-1344-5\"  class=\"panel-grid panel-has-style\" ><div class=\"panel-row-style panel-row-style-for-1344-5\" ><div id=\"pgc-1344-5-0\"  class=\"panel-grid-cell\" ><div id=\"panel-1344-5-0-0\" class=\"so-panel widget widget_sow-image panel-first-child\" data-index=\"8\" ><div class=\"eso-animate-hidden-widget panel-widget-style panel-widget-style-for-1344-5-0-0\" tabindex=\"0\" uk-scrollspy=\"cls: eso-animate-visible-widget uk-animation-slide-right-medium;\" ><div\n\t\t\t\n\t\t\tclass=\"so-widget-sow-image so-widget-sow-image-default-8b5b6f678277-1344\"\n\t\t\t\n\t\t>\n\n<div class=\"sow-image-container\">\n\t\t<img loading=\"lazy\" decoding=\"async\" src=\"https:\/\/www.automotive-solution.sk\/wp-content\/uploads\/2020\/08\/pridelenie-zamestnancov.png\" width=\"530\" height=\"433\" srcset=\"https:\/\/www.automotive-solution.sk\/wp-content\/uploads\/2020\/08\/pridelenie-zamestnancov.png 530w, https:\/\/www.automotive-solution.sk\/wp-content\/uploads\/2020\/08\/pridelenie-zamestnancov-300x245.png 300w\" sizes=\"(max-width: 530px) 100vw, 530px\" title=\"pridelenie zamestnancov\" alt=\"\" \t\tclass=\"so-widget-image\"\/>\n\t<\/div>\n\n<\/div><\/div><\/div><div id=\"panel-1344-5-0-1\" class=\"so-panel widget widget_sow-editor\" data-index=\"9\" ><div class=\"eso-animate-hidden-widget panel-widget-style panel-widget-style-for-1344-5-0-1\" tabindex=\"0\" uk-scrollspy=\"cls: eso-animate-visible-widget uk-animation-slide-right-medium;\" ><div\n\t\t\t\n\t\t\tclass=\"so-widget-sow-editor so-widget-sow-editor-base\"\n\t\t\t\n\t\t>\n<div class=\"siteorigin-widget-tinymce textwidget\">\n\t<h4><span style=\"color: #ffffff;\">Zeitweilige Zuweisung der Arbeitnehmer<\/span><\/h4>\n<p><span style=\"color: #ffffff;\"> Die Menschen bilden eine Grundlage jeder erfolgreichen Firma, aber die Arbeit...<\/span><\/p>\n<\/div>\n<\/div><\/div><\/div><div id=\"panel-1344-5-0-2\" class=\"so-panel widget widget_sow-editor panel-last-child\" data-index=\"10\" ><div class=\"eso-animate-hidden-widget panel-widget-style panel-widget-style-for-1344-5-0-2\" tabindex=\"0\" uk-scrollspy=\"cls: eso-animate-visible-widget uk-animation-slide-bottom-medium;\" ><div\n\t\t\t\n\t\t\tclass=\"so-widget-sow-editor so-widget-sow-editor-base\"\n\t\t\t\n\t\t>\n<div class=\"siteorigin-widget-tinymce textwidget\">\n\t<p><a class=\"button only-border\" href=\"https:\/\/www.automotive-solution.sk\/de\/zeitweilige-zuweisung-der-arbeitnehmer\/\">Mehr anzeigen<\/a><\/p>\n<\/div>\n<\/div><\/div><\/div><\/div><div id=\"pgc-1344-5-1\"  class=\"panel-grid-cell\" ><div id=\"panel-1344-5-1-0\" class=\"so-panel widget widget_sow-image panel-first-child\" data-index=\"11\" ><div class=\"eso-animate-hidden-widget panel-widget-style panel-widget-style-for-1344-5-1-0\" tabindex=\"0\" uk-scrollspy=\"cls: eso-animate-visible-widget uk-animation-slide-bottom-medium;\" ><div\n\t\t\t\n\t\t\tclass=\"so-widget-sow-image so-widget-sow-image-default-8b5b6f678277-1344\"\n\t\t\t\n\t\t>\n\n<div class=\"sow-image-container\">\n\t\t<img loading=\"lazy\" decoding=\"async\" src=\"https:\/\/www.automotive-solution.sk\/wp-content\/uploads\/2020\/08\/outsourcing.png\" width=\"530\" height=\"433\" srcset=\"https:\/\/www.automotive-solution.sk\/wp-content\/uploads\/2020\/08\/outsourcing.png 530w, https:\/\/www.automotive-solution.sk\/wp-content\/uploads\/2020\/08\/outsourcing-300x245.png 300w\" sizes=\"(max-width: 530px) 100vw, 530px\" alt=\"\" \t\tclass=\"so-widget-image\"\/>\n\t<\/div>\n\n<\/div><\/div><\/div><div id=\"panel-1344-5-1-1\" class=\"so-panel widget widget_sow-editor\" data-index=\"12\" ><div class=\"eso-animate-hidden-widget panel-widget-style panel-widget-style-for-1344-5-1-1\" tabindex=\"0\" uk-scrollspy=\"cls: eso-animate-visible-widget uk-animation-slide-bottom-medium;\" ><div\n\t\t\t\n\t\t\tclass=\"so-widget-sow-editor so-widget-sow-editor-base\"\n\t\t\t\n\t\t>\n<div class=\"siteorigin-widget-tinymce textwidget\">\n\t<h4>Outsourcing der <br \/>Betriebsprozesse<\/h4>\n<p>Automotive Solution nimmt f\u00fcr Sie unwichtige Betriebsprozesse, die auf Personal anspruchsvoll...<\/p>\n<\/div>\n<\/div><\/div><\/div><div id=\"panel-1344-5-1-2\" class=\"so-panel widget widget_sow-editor panel-last-child\" data-index=\"13\" ><div class=\"eso-animate-hidden-widget panel-widget-style panel-widget-style-for-1344-5-1-2\" tabindex=\"0\" uk-scrollspy=\"cls: eso-animate-visible-widget uk-animation-slide-bottom-medium;\" ><div\n\t\t\t\n\t\t\tclass=\"so-widget-sow-editor so-widget-sow-editor-base\"\n\t\t\t\n\t\t>\n<div class=\"siteorigin-widget-tinymce textwidget\">\n\t<p><a class=\"button only-border\" href=\"https:\/\/www.automotive-solution.sk\/de\/outsourcing-der-betriebsprozesse\/\">Mehr anzeigen<\/a><\/p>\n<\/div>\n<\/div><\/div><\/div><\/div><div id=\"pgc-1344-5-2\"  class=\"panel-grid-cell\" ><div id=\"panel-1344-5-2-0\" class=\"so-panel widget widget_sow-image panel-first-child\" data-index=\"14\" ><div class=\"eso-animate-hidden-widget panel-widget-style panel-widget-style-for-1344-5-2-0\" tabindex=\"0\" uk-scrollspy=\"cls: eso-animate-visible-widget uk-animation-slide-left-medium;\" ><div\n\t\t\t\n\t\t\tclass=\"so-widget-sow-image so-widget-sow-image-default-8b5b6f678277-1344\"\n\t\t\t\n\t\t>\n\n<div class=\"sow-image-container\">\n\t\t<img loading=\"lazy\" decoding=\"async\" src=\"https:\/\/www.automotive-solution.sk\/wp-content\/uploads\/2020\/08\/bezpecnost.png\" width=\"530\" height=\"433\" srcset=\"https:\/\/www.automotive-solution.sk\/wp-content\/uploads\/2020\/08\/bezpecnost.png 530w, https:\/\/www.automotive-solution.sk\/wp-content\/uploads\/2020\/08\/bezpecnost-300x245.png 300w\" sizes=\"(max-width: 530px) 100vw, 530px\" alt=\"\" \t\tclass=\"so-widget-image\"\/>\n\t<\/div>\n\n<\/div><\/div><\/div><div id=\"panel-1344-5-2-1\" class=\"so-panel widget widget_sow-editor\" data-index=\"15\" ><div class=\"eso-animate-hidden-widget panel-widget-style panel-widget-style-for-1344-5-2-1\" tabindex=\"0\" uk-scrollspy=\"cls: eso-animate-visible-widget uk-animation-slide-left-medium;\" ><div\n\t\t\t\n\t\t\tclass=\"so-widget-sow-editor so-widget-sow-editor-base\"\n\t\t\t\n\t\t>\n<div class=\"siteorigin-widget-tinymce textwidget\">\n\t<h4>Sicherheits- und \u00dcberwachungsdienste<\/h4>\n<p>Im Rahmen unserer Dienstleistungen  leisten wir auch Objektschutz und seine \u00dcberwachung, sowie...<\/p>\n<\/div>\n<\/div><\/div><\/div><div id=\"panel-1344-5-2-2\" class=\"so-panel widget widget_sow-editor panel-last-child\" data-index=\"16\" ><div class=\"eso-animate-hidden-widget panel-widget-style panel-widget-style-for-1344-5-2-2\" tabindex=\"0\" uk-scrollspy=\"cls: eso-animate-visible-widget uk-animation-slide-left-medium;\" ><div\n\t\t\t\n\t\t\tclass=\"so-widget-sow-editor so-widget-sow-editor-base\"\n\t\t\t\n\t\t>\n<div class=\"siteorigin-widget-tinymce textwidget\">\n\t<p><a class=\"button only-border\" href=\"https:\/\/www.automotive-solution.sk\/de\/sicherheits-und-ueberwachungsdienste\/\">Mehr anzeigen<\/a><\/p>\n<\/div>\n<\/div><\/div><\/div><\/div><\/div><\/div><\/div>","protected":false},"excerpt":{"rendered":"<p>F\u00fcr viele Arbeitgeber ist Prozess der Gewinnung von besten Talenten auf dem Arbeitsmarkt lanhwierig \u2013 zeitlich, was die Kapazit\u00e4t betrifft und finanziell anspruchsvoller Prozess. Brauchen Sie die erfahrene Fachm\u00e4nner die erfahrene Fachm\u00e4nner in Bestand zu nehmen oder massenhaft die gr\u00f6\u00dfere Anzahl von Arbeitnehmer einzustellen ?<\/p>\n","protected":false},"author":3,"featured_media":0,"parent":0,"menu_order":0,"comment_status":"closed","ping_status":"closed","template":"","meta":{"footnotes":""},"class_list":["post-1344","page","type-page","status-publish","hentry"],"yoast_head":"<!-- This site is optimized with the Yoast SEO plugin v23.4 - https:\/\/yoast.com\/wordpress\/plugins\/seo\/ -->\n<title>Auswahl und Aussuchung von Kandidaten - Automotive solution<\/title>\n<meta name=\"robots\" content=\"index, follow, max-snippet:-1, max-image-preview:large, max-video-preview:-1\" \/>\n<link rel=\"canonical\" href=\"https:\/\/www.automotive-solution.sk\/de\/auswahl-und-aussuchung-von-kandidaten\/\" \/>\n<meta property=\"og:locale\" content=\"de_DE\" \/>\n<meta property=\"og:type\" content=\"article\" \/>\n<meta property=\"og:title\" content=\"Auswahl und Aussuchung von Kandidaten - Automotive solution\" \/>\n<meta property=\"og:description\" content=\"F\u00fcr viele Arbeitgeber ist Prozess der Gewinnung von besten Talenten auf dem Arbeitsmarkt lanhwierig \u2013 zeitlich, was die Kapazit\u00e4t betrifft und finanziell anspruchsvoller Prozess. Brauchen Sie die erfahrene Fachm\u00e4nner die erfahrene Fachm\u00e4nner in Bestand zu nehmen oder massenhaft die gr\u00f6\u00dfere Anzahl von Arbeitnehmer einzustellen ?\" \/>\n<meta property=\"og:url\" content=\"https:\/\/www.automotive-solution.sk\/de\/auswahl-und-aussuchung-von-kandidaten\/\" \/>\n<meta property=\"og:site_name\" content=\"Automotive solution\" \/>\n<meta property=\"article:modified_time\" content=\"2020-09-21T07:42:39+00:00\" \/>\n<meta name=\"twitter:card\" content=\"summary_large_image\" \/>\n<meta name=\"twitter:label1\" content=\"Gesch\u00e4tzte Lesezeit\" \/>\n\t<meta name=\"twitter:data1\" content=\"1\u00a0Minute\" \/>\n<script type=\"application\/ld+json\" class=\"yoast-schema-graph\">{\"@context\":\"https:\/\/schema.org\",\"@graph\":[{\"@type\":\"WebPage\",\"@id\":\"https:\/\/www.automotive-solution.sk\/de\/auswahl-und-aussuchung-von-kandidaten\/\",\"url\":\"https:\/\/www.automotive-solution.sk\/de\/auswahl-und-aussuchung-von-kandidaten\/\",\"name\":\"Auswahl und Aussuchung von Kandidaten - Automotive solution\",\"isPartOf\":{\"@id\":\"https:\/\/www.automotive-solution.sk\/#website\"},\"datePublished\":\"2020-08-13T12:19:00+00:00\",\"dateModified\":\"2020-09-21T07:42:39+00:00\",\"breadcrumb\":{\"@id\":\"https:\/\/www.automotive-solution.sk\/de\/auswahl-und-aussuchung-von-kandidaten\/#breadcrumb\"},\"inLanguage\":\"de\",\"potentialAction\":[{\"@type\":\"ReadAction\",\"target\":[\"https:\/\/www.automotive-solution.sk\/de\/auswahl-und-aussuchung-von-kandidaten\/\"]}]},{\"@type\":\"BreadcrumbList\",\"@id\":\"https:\/\/www.automotive-solution.sk\/de\/auswahl-und-aussuchung-von-kandidaten\/#breadcrumb\",\"itemListElement\":[{\"@type\":\"ListItem\",\"position\":1,\"name\":\"Domovsk\u00e1 str\u00e1nka\",\"item\":\"https:\/\/www.automotive-solution.sk\/de\/einleitung\/\"},{\"@type\":\"ListItem\",\"position\":2,\"name\":\"Auswahl und Aussuchung von Kandidaten\"}]},{\"@type\":\"WebSite\",\"@id\":\"https:\/\/www.automotive-solution.sk\/#website\",\"url\":\"https:\/\/www.automotive-solution.sk\/\",\"name\":\"Automotive solution\",\"description\":\"\",\"potentialAction\":[{\"@type\":\"SearchAction\",\"target\":{\"@type\":\"EntryPoint\",\"urlTemplate\":\"https:\/\/www.automotive-solution.sk\/?s={search_term_string}\"},\"query-input\":{\"@type\":\"PropertyValueSpecification\",\"valueRequired\":true,\"valueName\":\"search_term_string\"}}],\"inLanguage\":\"de\"}]}<\/script>\n<!-- \/ Yoast SEO plugin. -->","yoast_head_json":{"title":"Auswahl und Aussuchung von Kandidaten - Automotive solution","robots":{"index":"index","follow":"follow","max-snippet":"max-snippet:-1","max-image-preview":"max-image-preview:large","max-video-preview":"max-video-preview:-1"},"canonical":"https:\/\/www.automotive-solution.sk\/de\/auswahl-und-aussuchung-von-kandidaten\/","og_locale":"de_DE","og_type":"article","og_title":"Auswahl und Aussuchung von Kandidaten - Automotive solution","og_description":"F\u00fcr viele Arbeitgeber ist Prozess der Gewinnung von besten Talenten auf dem Arbeitsmarkt lanhwierig \u2013 zeitlich, was die Kapazit\u00e4t betrifft und finanziell anspruchsvoller Prozess. Brauchen Sie die erfahrene Fachm\u00e4nner die erfahrene Fachm\u00e4nner in Bestand zu nehmen oder massenhaft die gr\u00f6\u00dfere Anzahl von Arbeitnehmer einzustellen ?","og_url":"https:\/\/www.automotive-solution.sk\/de\/auswahl-und-aussuchung-von-kandidaten\/","og_site_name":"Automotive solution","article_modified_time":"2020-09-21T07:42:39+00:00","twitter_card":"summary_large_image","twitter_misc":{"Gesch\u00e4tzte Lesezeit":"1\u00a0Minute"},"schema":{"@context":"https:\/\/schema.org","@graph":[{"@type":"WebPage","@id":"https:\/\/www.automotive-solution.sk\/de\/auswahl-und-aussuchung-von-kandidaten\/","url":"https:\/\/www.automotive-solution.sk\/de\/auswahl-und-aussuchung-von-kandidaten\/","name":"Auswahl und Aussuchung von Kandidaten - Automotive solution","isPartOf":{"@id":"https:\/\/www.automotive-solution.sk\/#website"},"datePublished":"2020-08-13T12:19:00+00:00","dateModified":"2020-09-21T07:42:39+00:00","breadcrumb":{"@id":"https:\/\/www.automotive-solution.sk\/de\/auswahl-und-aussuchung-von-kandidaten\/#breadcrumb"},"inLanguage":"de","potentialAction":[{"@type":"ReadAction","target":["https:\/\/www.automotive-solution.sk\/de\/auswahl-und-aussuchung-von-kandidaten\/"]}]},{"@type":"BreadcrumbList","@id":"https:\/\/www.automotive-solution.sk\/de\/auswahl-und-aussuchung-von-kandidaten\/#breadcrumb","itemListElement":[{"@type":"ListItem","position":1,"name":"Domovsk\u00e1 str\u00e1nka","item":"https:\/\/www.automotive-solution.sk\/de\/einleitung\/"},{"@type":"ListItem","position":2,"name":"Auswahl und Aussuchung von Kandidaten"}]},{"@type":"WebSite","@id":"https:\/\/www.automotive-solution.sk\/#website","url":"https:\/\/www.automotive-solution.sk\/","name":"Automotive solution","description":"","potentialAction":[{"@type":"SearchAction","target":{"@type":"EntryPoint","urlTemplate":"https:\/\/www.automotive-solution.sk\/?s={search_term_string}"},"query-input":{"@type":"PropertyValueSpecification","valueRequired":true,"valueName":"search_term_string"}}],"inLanguage":"de"}]}},"_links":{"self":[{"href":"https:\/\/www.automotive-solution.sk\/de\/wp-json\/wp\/v2\/pages\/1344"}],"collection":[{"href":"https:\/\/www.automotive-solution.sk\/de\/wp-json\/wp\/v2\/pages"}],"about":[{"href":"https:\/\/www.automotive-solution.sk\/de\/wp-json\/wp\/v2\/types\/page"}],"author":[{"embeddable":true,"href":"https:\/\/www.automotive-solution.sk\/de\/wp-json\/wp\/v2\/users\/3"}],"replies":[{"embeddable":true,"href":"https:\/\/www.automotive-solution.sk\/de\/wp-json\/wp\/v2\/comments?post=1344"}],"version-history":[{"count":19,"href":"https:\/\/www.automotive-solution.sk\/de\/wp-json\/wp\/v2\/pages\/1344\/revisions"}],"predecessor-version":[{"id":1421,"href":"https:\/\/www.automotive-solution.sk\/de\/wp-json\/wp\/v2\/pages\/1344\/revisions\/1421"}],"wp:attachment":[{"href":"https:\/\/www.automotive-solution.sk\/de\/wp-json\/wp\/v2\/media?parent=1344"}],"curies":[{"name":"wp","href":"https:\/\/api.w.org\/{rel}","templated":true}]}}